{"id":6874,"date":"2017-06-23T15:55:22","date_gmt":"2017-06-23T13:55:22","guid":{"rendered":"http:\/\/pointer-freunde.com\/?page_id=6874"},"modified":"2017-06-23T15:59:08","modified_gmt":"2017-06-23T13:59:08","slug":"sachspenden","status":"publish","type":"page","link":"https:\/\/pointer-freunde.com\/en\/spenden-und-hilfe\/sachspenden\/","title":{"rendered":"(Deutsch) Sachspenden"},"content":{"rendered":"<p class=\"qtranxs-available-languages-message qtranxs-available-languages-message-en\">Sorry, this entry is only available in <a href=\"https:\/\/pointer-freunde.com\/de\/wp-json\/wp\/v2\/pages\/6874\" class=\"qtranxs-available-language-link qtranxs-available-language-link-de\" title=\"Deutsch\">German<\/a>.<\/p><p><img loading=\"lazy\" class=\"alignleft wp-image-6875\" src=\"https:\/\/pointer-freunde.com\/wp-content\/uploads\/2017\/06\/Sachspenden.jpg\" alt=\"\" width=\"347\" height=\"442\" srcset=\"https:\/\/pointer-freunde.com\/wp-content\/uploads\/2017\/06\/Sachspenden.jpg 624w, https:\/\/pointer-freunde.com\/wp-content\/uploads\/2017\/06\/Sachspenden-236x300.jpg 236w, https:\/\/pointer-freunde.com\/wp-content\/uploads\/2017\/06\/Sachspenden-600x763.jpg 600w\" sizes=\"(max-width: 347px) 100vw, 347px\" \/><\/p>\n<p>FUTTER- und SACHSPENDEN gesucht!<\/p>\n<p>F\u00fcr unsere Hunde auf deutschen Pflegestellen und alle anderen unter unserem Schutz stehenden geretteten Hunde ben\u00f6tigen wir dringend und laufend:<\/p>\n<p>&#8211; Futterspenden (Trocken- und Nassfutter)<br \/>\n&#8211; Kauartikel &amp; Spielzeug<br \/>\n&#8211; Leinen, Geschirre, Halsb\u00e4nder<br \/>\n&#8211; Hundebetten &amp; K\u00f6rbchen<br \/>\n&#8211; Decken, Bettw\u00e4sche, Handt\u00fccher<\/p>\n<p>&#8230; aber auch gut erhaltene Sachspenden, die wir auf Flohm\u00e4rkten zugunsten des Vereins verkaufen k\u00f6nnen.<\/p>\n<p>Sie k\u00f6nnen uns die Spenden zuschicken oder wir holen sie im n\u00e4heren Umfeld (Norddeutschland) auch gerne ab. Bitte schreiben Sie uns eine Email oder rufen Sie uns an.<\/p>\n<p>&nbsp;<\/p>\n<p>&nbsp;<\/p>\n<hr>\n<p><div role=\"form\" class=\"wpcf7\" id=\"wpcf7-f239-o1\" lang=\"de-DE\" dir=\"ltr\">\n<div class=\"screen-reader-response\"><p role=\"status\" aria-live=\"polite\" aria-atomic=\"true\"><\/p> <ul><\/ul><\/div>\n<form action=\"\/en\/wp-json\/wp\/v2\/pages\/6874#wpcf7-f239-o1\" method=\"post\" class=\"wpcf7-form init\" novalidate=\"novalidate\" data-status=\"init\">\n<div style=\"display: none;\">\n<input type=\"hidden\" name=\"_wpcf7\" value=\"239\" \/>\n<input type=\"hidden\" name=\"_wpcf7_version\" value=\"5.4.2\" \/>\n<input type=\"hidden\" name=\"_wpcf7_locale\" value=\"de_DE\" \/>\n<input type=\"hidden\" name=\"_wpcf7_unit_tag\" value=\"wpcf7-f239-o1\" \/>\n<input type=\"hidden\" name=\"_wpcf7_container_post\" value=\"0\" \/>\n<input type=\"hidden\" name=\"_wpcf7_posted_data_hash\" value=\"\" \/>\n<\/div>\n<p>Ihr Name (Pflichtfeld)<br \/>\n    <span class=\"wpcf7-form-control-wrap your-name\"><input type=\"text\" name=\"your-name\" value=\"\" size=\"40\" class=\"wpcf7-form-control wpcf7-text wpcf7-validates-as-required\" aria-required=\"true\" aria-invalid=\"false\" \/><\/span> <\/p>\n<p>Ihre E-Mail-Adresse (Pflichtfeld)<br \/>\n    <span class=\"wpcf7-form-control-wrap your-email\"><input type=\"email\" name=\"your-email\" value=\"\" size=\"40\" class=\"wpcf7-form-control wpcf7-text wpcf7-email wpcf7-validates-as-required wpcf7-validates-as-email\" aria-required=\"true\" aria-invalid=\"false\" \/><\/span> <\/p>\n<p>Betreff<br \/>\n    <span class=\"wpcf7-form-control-wrap your-subject\"><input type=\"text\" name=\"your-subject\" value=\"\" size=\"40\" class=\"wpcf7-form-control wpcf7-text\" aria-invalid=\"false\" \/><\/span> <\/p>\n<p>Ihre Nachricht<br \/>\n    <span class=\"wpcf7-form-control-wrap your-message\"><textarea name=\"your-message\" cols=\"40\" rows=\"10\" class=\"wpcf7-form-control wpcf7-textarea\" aria-invalid=\"false\"><\/textarea><\/span> <\/p>\n<p><span class=\"wpcf7-form-control-wrap wpgdprc\"><span class=\"wpcf7-form-control wpcf7-validates-as-required wpcf7-wpgdprc\"><span class=\"wpcf7-list-item\"><input type=\"checkbox\" name=\"wpgdprc\" value=\"1\" aria-required=\"true\" aria-invalid=\"false\" \/><span class=\"wpcf7-list-item-label\">Mit der Nutzung dieses Formulars erkl\u00e4rst du dich mit der Speicherung und Verarbeitung deiner Daten durch diese Website einverstanden.<\/span><\/span><\/span>    <\/span><\/p>\n<p><input type=\"submit\" value=\"Senden\" class=\"wpcf7-form-control wpcf7-submit\" \/><\/p>\n<p><span id=\"wpcf7-69d7a9d195d5f-wrapper\" class=\"wpcf7-form-control-wrap honeypot-939-wrap\" style=\"display:none !important; visibility:hidden !important;\"><label for=\"wpcf7-69d7a9d195d5f-field\" class=\"hp-message\">Please leave this field empty.<\/label><input id=\"wpcf7-69d7a9d195d5f-field\"  class=\"wpcf7-form-control wpcf7-text\" type=\"text\" name=\"honeypot-939\" value=\"\" size=\"40\" tabindex=\"-1\" autocomplete=\"new-password\" \/><\/span><\/p>\n<div class=\"wpcf7-response-output\" aria-hidden=\"true\"><\/div><\/form><\/div><\/p>","protected":false},"excerpt":{"rendered":"<p>Sorry, this entry is only available in German. FUTTER- und SACHSPENDEN gesucht! F\u00fcr unsere Hunde auf deutschen Pflegestellen und alle anderen unter unserem Schutz stehenden geretteten Hunde ben\u00f6tigen wir dringend und laufend: &#8211; Futterspenden (Trocken- und Nassfutter) &#8211; Kauartikel &amp; Spielzeug &#8211; Leinen, Geschirre, Halsb\u00e4nder &#8211; Hundebetten &amp; K\u00f6rbchen &#8211; Decken, Bettw\u00e4sche, Handt\u00fccher &#8230; aber [&hellip;]<\/p>\n","protected":false},"author":7,"featured_media":0,"parent":53,"menu_order":0,"comment_status":"closed","ping_status":"closed","template":"","meta":{"_et_pb_use_builder":"","_et_pb_old_content":"","_et_gb_content_width":"","_exactmetrics_skip_tracking":false,"_exactmetrics_sitenote_active":false,"_exactmetrics_sitenote_note":"","_exactmetrics_sitenote_category":0,"ngg_post_thumbnail":0},"_links":{"self":[{"href":"https:\/\/pointer-freunde.com\/en\/wp-json\/wp\/v2\/pages\/6874"}],"collection":[{"href":"https:\/\/pointer-freunde.com\/en\/wp-json\/wp\/v2\/pages"}],"about":[{"href":"https:\/\/pointer-freunde.com\/en\/wp-json\/wp\/v2\/types\/page"}],"author":[{"embeddable":true,"href":"https:\/\/pointer-freunde.com\/en\/wp-json\/wp\/v2\/users\/7"}],"replies":[{"embeddable":true,"href":"https:\/\/pointer-freunde.com\/en\/wp-json\/wp\/v2\/comments?post=6874"}],"version-history":[{"count":4,"href":"https:\/\/pointer-freunde.com\/en\/wp-json\/wp\/v2\/pages\/6874\/revisions"}],"predecessor-version":[{"id":6880,"href":"https:\/\/pointer-freunde.com\/en\/wp-json\/wp\/v2\/pages\/6874\/revisions\/6880"}],"up":[{"embeddable":true,"href":"https:\/\/pointer-freunde.com\/en\/wp-json\/wp\/v2\/pages\/53"}],"wp:attachment":[{"href":"https:\/\/pointer-freunde.com\/en\/wp-json\/wp\/v2\/media?parent=6874"}],"curies":[{"name":"wp","href":"https:\/\/api.w.org\/{rel}","templated":true}]}}