{"id":549,"date":"2015-10-05T09:03:34","date_gmt":"2015-10-05T07:03:34","guid":{"rendered":"http:\/\/pointer-freunde.com\/?page_id=549"},"modified":"2022-04-26T10:01:17","modified_gmt":"2022-04-26T08:01:17","slug":"art-und-wesen","status":"publish","type":"page","link":"https:\/\/pointer-freunde.com\/en\/der-pointer\/art-und-wesen\/","title":{"rendered":"Type and Nature"},"content":{"rendered":"<p><strong>ENGLISH POINTER<\/strong><\/p>\n<div id=\"attachment_1299\" style=\"width: 310px\" class=\"wp-caption alignleft\"><img loading=\"lazy\" aria-describedby=\"caption-attachment-1299\" class=\"wp-image-1299 size-medium\" src=\"https:\/\/pointer-freunde.com\/wp-content\/uploads\/2015\/10\/Tina-Toft-Bergstrom-6-300x175.jpg\" alt=\"\u00a9Tina Toft Bergstrom\" width=\"300\" height=\"175\" srcset=\"https:\/\/pointer-freunde.com\/wp-content\/uploads\/2015\/10\/Tina-Toft-Bergstrom-6-300x175.jpg 300w, https:\/\/pointer-freunde.com\/wp-content\/uploads\/2015\/10\/Tina-Toft-Bergstrom-6-1024x598.jpg 1024w, https:\/\/pointer-freunde.com\/wp-content\/uploads\/2015\/10\/Tina-Toft-Bergstrom-6-1080x630.jpg 1080w, https:\/\/pointer-freunde.com\/wp-content\/uploads\/2015\/10\/Tina-Toft-Bergstrom-6.jpg 2048w\" sizes=\"(max-width: 300px) 100vw, 300px\" \/><p id=\"caption-attachment-1299\" class=\"wp-caption-text\">\u00a9Tina Toft Bergstrom<\/p><\/div>\n<p>The character of a pointer is highly sensitive and very temperamental. It is a wonderful companion that always faithfully stands by ones side. Pointers are very social and gentle dogs. They usually get along with other dogs very well and react highly diplomatic. They normally avoid trouble in a skillful way. In spite of their sensitivity, they are tough and durable.<\/p>\n<p>The pointer is kind to children, affectionate, adaptable and adorable; thus an ideal house companion. It is suitable even for large flats, but needs enough exercise.<\/p>\n<p>There is hardly a breed of dog that is more sensitive, more delicate and gentler than a pointer. In addition, it is cooperative and smart and is very attached to its owner. The pointer requires a sensitive upbringing. Hardness in upbringing is absolutely not appropriate for a pointer.<\/p>\n<p>Due to their sensitivity, pointers are usually very careful with children. In particular, sporty and agile pointers need to spend their excess energy, such as man trailing, agility training, jogging, and running next to a bicycle or horse. Sleeping, lying in the sun and a lot of cuddling is also a part of the daily program.<\/p>\n<p>Experts say pointers are like wine the older, the better. A pointer enters into a very close relationship with its family.<\/p>\n<p>Who is ready to spend time with this wonderful dog and form a relationship, will certainly have much joy with his four-legged friend &#8211; and it with him!<\/p>\n<p>&nbsp;<\/p>\n<h3>THE POINTER AS A HUNTING DOG<\/h3>\n<div id=\"attachment_1298\" style=\"width: 310px\" class=\"wp-caption alignright\"><img loading=\"lazy\" aria-describedby=\"caption-attachment-1298\" class=\"wp-image-1298 size-medium\" src=\"https:\/\/pointer-freunde.com\/wp-content\/uploads\/2015\/10\/Tina-Toft-Bergstrom-5-300x198.jpg\" alt=\"\u00a9Tina Toft Bergstrom\" width=\"300\" height=\"198\" srcset=\"https:\/\/pointer-freunde.com\/wp-content\/uploads\/2015\/10\/Tina-Toft-Bergstrom-5-300x198.jpg 300w, https:\/\/pointer-freunde.com\/wp-content\/uploads\/2015\/10\/Tina-Toft-Bergstrom-5.jpg 960w\" sizes=\"(max-width: 300px) 100vw, 300px\" \/><p id=\"caption-attachment-1298\" class=\"wp-caption-text\">\u00a9Tina Toft Bergstrom<\/p><\/div>\n<p>The aristocratic-looking English Pointer is friendly, amiable and gentle, but very temperamental, fast and durable. \u00a0At first glance, its refined nature belies its excellent skills as a pointing dog. It provides hunters good services, by tracking down any prey with its fine sense of smell. In contrast to many other hunting companions, it indicates this by a motionless poise. Only, when it receives the appropriate command, it scares the game.<\/p>\n<p>The original purpose of the gentle, obedient and serious pointer was selected from its natural behavior. Every dog &#8220;poises&#8221; for a short period, when it has the scent of prey in the nose before jumping forward to catch it. With the pointer, this poising was extended through targeted selection to a permanent standing (pointing). The nose of the pointer is very sensitive and so he can perceive in full running the scent of partridges or pheasants from 50 m away. The selective breeding has produced an incredibly elegant and friendly animal that however is very sensitive.<\/p>\n<p>&nbsp;<\/p>\n<div id=\"attachment_1293\" style=\"width: 235px\" class=\"wp-caption alignleft\"><img loading=\"lazy\" aria-describedby=\"caption-attachment-1293\" class=\"wp-image-1293 size-medium\" src=\"https:\/\/pointer-freunde.com\/wp-content\/uploads\/2015\/10\/Lucy-Welch-4-225x300.jpg\" alt=\"Lucy Welch\" width=\"225\" height=\"300\" srcset=\"https:\/\/pointer-freunde.com\/wp-content\/uploads\/2015\/10\/Lucy-Welch-4-225x300.jpg 225w, https:\/\/pointer-freunde.com\/wp-content\/uploads\/2015\/10\/Lucy-Welch-4.jpg 720w\" sizes=\"(max-width: 225px) 100vw, 225px\" \/><p id=\"caption-attachment-1293\" class=\"wp-caption-text\">\u00a9Lucy Welch<\/p><\/div>\n<p>&nbsp;<\/p>\n<p>&nbsp;<\/p>\n<p><em>Tips:<\/em> Easy to take care of. Pointers are very clean; the short coat requires little grooming. Exercise is important to the pointer; at the same time on long evenings, it also happily remains in front of the fireplace or on the sofa with its family.<\/p>\n<p><strong><em>Conclusion: Pointers are both hunting dogs and family dogs.<\/em><\/strong><\/p>\n<p>&nbsp;<\/p>\n<p>&nbsp;<\/p>\n<p>&nbsp;<\/p>\n<p>&nbsp;<\/p>\n<p><strong>GERMAN SHORTHAIRED POINTER<\/strong><\/p>\n<p>The breed German shorthaired pointer is very popular with many people, as it is extremely adaptable. These dogs can adapt very well to a family that includes children, and behave &#8211; depending on the education &#8211; also friendly and amiably to strangers. This breed is also an excellent choice for singles or young couples who are particularly active in sports. These dogs belong to the so-called pointing dogs and therefore need regular and very extensive walks. Therefore, it has a strong hunting instinct, a huge urge to move and is very willing to work. The German shorthaired pointer has an excellent sense of smell and a good orientation.<\/p>\n<p>By nature, it is intelligent, courageous and loyal. In addition, it also likes to face tasks, which must be mastered. Therefore, it is essential that its owners are frequently and extensively in the open air and the animal is demanded to exercise, because a German shorthaired has a lot of energy.<\/p>\n<p>Despite his affectionate and tender mind, a German shorthaired can be used as a hunting dog if he is trained accordingly. The German shorthaired needs an experienced dog owner and a consequent upbringing.<\/p>\n<p>A hunter finds in the German shorthaired a reliable, enduring and loyal partner.<\/p>\n<p>The German shorthaired is full of temperament, independent and intelligent. It is good natured and reliable, but not nervous, shy or aggressive.<\/p>\n<p>Quellen:\u00a0<a href=\"https:\/\/www.wikipedia.de\/\" target=\"_blank\" rel=\"noopener\">Wikipedia<\/a>,\u00a0<a href=\"http:\/\/www.vielohrhunde.de\" target=\"_blank\" rel=\"noopener\">Vielohrhunde<\/a><\/p>\n<p>&nbsp;<\/p>","protected":false},"excerpt":{"rendered":"<p>ENGLISH POINTER The character of a pointer is highly sensitive and very temperamental. It is a wonderful companion that always faithfully stands by ones side. Pointers are very social and gentle dogs. They usually get along with other dogs very well and react highly diplomatic. They normally avoid trouble in a skillful way. In spite [&hellip;]<\/p>\n","protected":false},"author":7,"featured_media":0,"parent":41,"menu_order":0,"comment_status":"closed","ping_status":"closed","template":"","meta":{"_et_pb_use_builder":"on","_et_pb_old_content":"<p><strong>ENGLISH POINTER<\/strong><\/p>[caption id=\"attachment_1299\" align=\"alignleft\" width=\"300\"]<img class=\"wp-image-1299 size-medium\" src=\"https:\/\/pointer-freunde.com\/wp-content\/uploads\/2015\/10\/Tina-Toft-Bergstrom-6-300x175.jpg\" alt=\"\u00a9Tina Toft Bergstrom\" width=\"300\" height=\"175\"> \u00a9Tina Toft Bergstrom[\/caption]<p>Der Charakter eines Pointers ist hochsensibel und temperamentvoll. Er ist ein wunderbarer Begleiter, der einem stets treu zur Seite steht. Pointer sind sehr soziale und sanfte Hunde. Sie verstehen sich i. d. R. mit anderen Hunden sehr gut und reagieren hoch-diplomatisch. \u00c4rger gehen sie meist gekonnt aus dem Weg. Trotz ihrer Sensitivit\u00e4t sind sie z\u00e4h und ausdauernd.<\/p><p>Der Pointer ist lieb zu Kindern, anh\u00e4nglich, anpassungsf\u00e4hig und liebenswert; somit ein idealer Hausgenosse. Er ist sogar f\u00fcr gr\u00f6\u00dfere Stadtwohnungen geeignet, braucht aber genug Auslauf.<\/p><p>Es gibt wohl kaum eine Hunderasse, die sensibler, feinf\u00fchliger und sanfter ist, als ein Pointer. Zudem ist er kooperativ und klug und h\u00e4ngt sehr an seinem Besitzer. Der Pointer ben\u00f6tigt eine einf\u00fchlsame Erziehung. H\u00e4rte in der Erziehung ist bei einem Pointer absolut nicht angebracht.<\/p><p>Durch ihre Feinf\u00fchligkeit gehen Pointer meistens sehr behutsam mit Kindern um. Bei besonders sportlichen und agilen Pointern bieten sich zur Auslastung, z.B. Mantrailing, Agility, Joggen, am Fahrrad oder Pferd mitlaufen an. Schlafen, in der Sonne liegen und viel Schmusen steht aber ebenso auf dem Tagesprogramm.<\/p><p>Kenner sagen, Pointer seien wie Wein, je \u00e4lter, umso besser. Ein Pointer geht ein sehr enges Verh\u00e4ltnis mit seiner Familie ein.<\/p><p>Wer bereit ist, sich mit diesem wunderbaren Hund zu besch\u00e4ftigen und auf ihn einzugehen, wird sicherlich viel Freude an seinem Vierbeiner haben \u2013 und dieser mit ihm!<\/p><p>&nbsp;<\/p><p><strong>DER POINTER ALS JAGDHUND<\/strong><\/p>[caption id=\"attachment_1298\" align=\"alignright\" width=\"300\"]<img class=\"wp-image-1298 size-medium\" src=\"https:\/\/pointer-freunde.com\/wp-content\/uploads\/2015\/10\/Tina-Toft-Bergstrom-5-300x198.jpg\" alt=\"\u00a9Tina Toft Bergstrom\" width=\"300\" height=\"198\"> \u00a9Tina Toft Bergstrom[\/caption]<p>Der aristokratisch anmutende English Pointer ist freundlich, umg\u00e4nglich und sanft, aber auch sehr temperamentvoll, schnell und ausdauernd. Sein vornehmes Wesen t\u00e4uscht auf den ersten Blick gerne \u00fcber seine ausgezeichneten F\u00e4higkeiten als Vorstehhund hinweg. J\u00e4gern leistet er gute Dienste, indem er mit seinem feinen Geruchssinn jegliche Beute aufsp\u00fcrt. Im Gegensatz zu vielen anderen Jagdbegleitern zeigt er diese durch regloses Verharren an. Erst, wenn er das entsprechende Kommando erh\u00e4lt, scheucht er das Wild auf.<\/p><p>Der urspr\u00fcngliche Verwendungszweck des sanften, folgsamen und ernsthaften Pointer wurde aus dem nat\u00fcrlichen Verhalten heraus selektiert. Ein jeder Hund \u201everharrt\u201c kurz, wenn er die Witterung von Beute in der Nase hat, bevor er nach vorn springt, um es zu fangen. Beim Pointer wurde dieses Verharren durch gezielte Selektion bis ins dauerhafte Stehen (Vorstehen) verl\u00e4ngert. Die Nase des Pointers ist \u00e4u\u00dferst sensibel und so kann er aus vollem Lauf die Witterung von Rebh\u00fchnern oder Fasanen wahrnehmen, die noch 50m entfernt liegen. Die Selektionszucht hat ein ungemein vornehmes und freundliches Tier hervorgebracht, das allerdings \u00e4u\u00dferst sensibel ist.<\/p>[caption id=\"attachment_1293\" align=\"alignleft\" width=\"225\"]<img class=\"wp-image-1293 size-medium\" src=\"https:\/\/pointer-freunde.com\/wp-content\/uploads\/2015\/10\/Lucy-Welch-4-225x300.jpg\" alt=\"Lucy Welch\" width=\"225\" height=\"300\"> \u00a9Lucy Welch[\/caption]<p>&nbsp;<\/p><p>&nbsp;<\/p><p><em>Tipps:<\/em> Pflegeleicht. Pointer sind sehr sauber, das kurze Fell braucht kaum Pflege. Bewegung ist dem Pointer wichtig, gleichzeitig bleibt er an langen Abenden aber auch gerne vor dem Kamin oder auf dem Sofa bei seiner Familie.<\/p><p><strong><em>Fazit: Pointer sind sowohl Jagdhunde als auch Familienhunde.<\/em><\/strong><\/p><p>&nbsp;<\/p><p>&nbsp;<\/p><p>&nbsp;<\/p><p>&nbsp;<\/p><p><strong>DEUTSCH KURZHAAR<\/strong><\/p><p>Die Hunderasse Deutsch Kurzhaar ist bei vielf\u00e4ltigen Menschen sehr beliebt, da sie \u00e4u\u00dferst anpassungsf\u00e4hig ist. Die Hunde k\u00f6nnen sich sehr gut an ein Leben in einer Familie, die auch Kinder besitzen, anpassen und verhalten sich - je nach Erziehung - auch gegen\u00fcber Fremden freundlich und liebensw\u00fcrdig. Auch f\u00fcr Singles oder junge P\u00e4rchen, die besonders sportaktiv sind, ist die Rasse eine hervorragende Wahl. Die Hunde geh\u00f6ren zu den sogenannten Vorstehhunden und ben\u00f6tigen daher regelm\u00e4\u00dfige und sehr ausgedehnte Spazierg\u00e4nge. So hat er einen ausgepr\u00e4gten Jagdtrieb, einen enormen Bewegungsdrang und ist sehr arbeitswillig. Der Deutsch Kurzhaar verf\u00fcgt \u00fcber einen hervorragenden Geruchssinn und ein untr\u00fcgliches Orientierungsverm\u00f6gen.<\/p><p>Vom Wesen her ist er intelligent, mutig und loyal. Zus\u00e4tzlich m\u00f6chten sie auch vor Aufgaben gestellt werden, die bew\u00e4ltigt werden m\u00fcssen. Daher ist es unabdingbar, dass seine Besitzer h\u00e4ufig und ausgiebig in der freien Natur unterwegs sind und das Tier richtig fordern, da ein Deutsch Kurzhaar sehr viel Energie besitzt.<\/p><p>Trotz seines anh\u00e4nglichen und zarten Gem\u00fcts kann ein Deutsch Kurzhaar auch als Jagdhund verwendet werden, wenn er dementsprechend trainiert wird. Der Deutsch Kurzhaar ben\u00f6tigt einen erfahrenen Hundehalter und eine konsequente Erziehung.<\/p><p>Ein J\u00e4ger findet dann im Deutschen Kurzhaar einen zuverl\u00e4ssigen, ausdauernden und treuen Partner.<\/p><p>Der Deutsch Kurzhaar ist temperamentvoll, selbstst\u00e4ndig und intelligent. Er ist ausgeglichen und zuverl\u00e4ssig, aber weder nerv\u00f6s, scheu noch aggressiv.<\/p><p>Quellen:&nbsp;<a href=\"https:\/\/www.wikipedia.de\/\" target=\"_blank\" rel=\"noopener\">Wikipedia<\/a>,&nbsp;<a href=\"http:\/\/www.vielohrhunde.de\" target=\"_blank\" rel=\"noopener\">Vielohrhunde<\/a><\/p><p>&nbsp;<\/p>","_et_gb_content_width":"","_exactmetrics_skip_tracking":false,"_exactmetrics_sitenote_active":false,"_exactmetrics_sitenote_note":"","_exactmetrics_sitenote_category":0,"ngg_post_thumbnail":0},"_links":{"self":[{"href":"https:\/\/pointer-freunde.com\/en\/wp-json\/wp\/v2\/pages\/549"}],"collection":[{"href":"https:\/\/pointer-freunde.com\/en\/wp-json\/wp\/v2\/pages"}],"about":[{"href":"https:\/\/pointer-freunde.com\/en\/wp-json\/wp\/v2\/types\/page"}],"author":[{"embeddable":true,"href":"https:\/\/pointer-freunde.com\/en\/wp-json\/wp\/v2\/users\/7"}],"replies":[{"embeddable":true,"href":"https:\/\/pointer-freunde.com\/en\/wp-json\/wp\/v2\/comments?post=549"}],"version-history":[{"count":10,"href":"https:\/\/pointer-freunde.com\/en\/wp-json\/wp\/v2\/pages\/549\/revisions"}],"predecessor-version":[{"id":11677,"href":"https:\/\/pointer-freunde.com\/en\/wp-json\/wp\/v2\/pages\/549\/revisions\/11677"}],"up":[{"embeddable":true,"href":"https:\/\/pointer-freunde.com\/en\/wp-json\/wp\/v2\/pages\/41"}],"wp:attachment":[{"href":"https:\/\/pointer-freunde.com\/en\/wp-json\/wp\/v2\/media?parent=549"}],"curies":[{"name":"wp","href":"https:\/\/api.w.org\/{rel}","templated":true}]}}