{"id":515,"date":"2015-09-30T12:47:04","date_gmt":"2015-09-30T10:47:04","guid":{"rendered":"http:\/\/pointer-freunde.com\/?page_id=515"},"modified":"2016-09-09T17:23:59","modified_gmt":"2016-09-09T15:23:59","slug":"mitgliedschaft","status":"publish","type":"page","link":"https:\/\/pointer-freunde.com\/en\/spenden-und-hilfe\/mitgliedschaft\/","title":{"rendered":"Membership in the Association"},"content":{"rendered":"<p>[et_pb_section admin_label=&#8221;section&#8221;][et_pb_row admin_label=&#8221;row&#8221;][et_pb_column type=&#8221;3_4&#8243;][et_pb_text admin_label=&#8221;Text&#8221; background_layout=&#8221;light&#8221; text_orientation=&#8221;left&#8221; use_border_color=&#8221;off&#8221; border_color=&#8221;#ffffff&#8221; border_style=&#8221;solid&#8221;]<\/p>\n<h2>Membership in the Association<\/h2>\n<p>You want to become an official &#8220;Pointer Friend&#8221;?<\/p>\n<p>Become a member of our Association &#8220;Pointer-Freunde \/ Pointer-Friends e.V.&#8221;.<\/p>\n<p>Through your membership, you help us by being a reliable partner in our daily work. We are able to calculate and work with the membership and associate member fees. It is very important in our work that we do not have to \u201clive and work from day to day\u201d waiting for the next donation. Many regular expenses for dogs under our protection are inevitable and must be ensured.<\/p>\n<p>Be part of a wonderful community of people who strive for the lovable breed of the pointer. Only together we can succeed to publicize the hitherto almost unknown side of the pointer and help pointers in distress.<\/p>\n<p>Please read the <a href=\"https:\/\/pointer-freunde.com\/was-wir-machen\/satzung-pointer-freunde\/\">Statutes of the Pointer-Freunde \/ Pointer-Friends e.V.<\/a> before filling out the application form.<\/p>\n<p>After submitting, we will contact you to discuss the details.<\/p>\n<hr \/>\n<p>&nbsp;<\/p>\n<noscript class=\"ninja-forms-noscript-message\">\n\tNotice: JavaScript is required for this content.<\/noscript>\nNo Fields Found.<div id=\"nf-form-19-cont\" class=\"nf-form-cont\" aria-live=\"polite\" aria-labelledby=\"nf-form-title-19\" aria-describedby=\"nf-form-errors-19\" role=\"form\">\n\n    <div class=\"nf-loading-spinner\"><\/div>\n\n<\/div>\n        <!-- That data is being printed as a workaround to page builders reordering the order of the scripts loaded-->\n        <script>var formDisplay=1;var nfForms=nfForms||[];var form=[];form.id='19';form.settings={\"ninjaForms\":\"Ninja Forms\",\"changeEmailErrorMsg\":\"Please enter a valid email address!\",\"changeDateErrorMsg\":\"Please enter a valid date!\",\"confirmFieldErrorMsg\":\"These fields must match!\",\"fieldNumberNumMinError\":\"Number Min Error\",\"fieldNumberNumMaxError\":\"Number Max Error\",\"fieldNumberIncrementBy\":\"Please increment by \",\"fieldTextareaRTEInsertLink\":\"Insert Link\",\"fieldTextareaRTEInsertMedia\":\"Insert Media\",\"fieldTextareaRTESelectAFile\":\"Select a file\",\"formErrorsCorrectErrors\":\"Please correct errors before submitting this form.\",\"formHoneypot\":\"If you are a human seeing this field, please leave it empty.\",\"validateRequiredField\":\"This is a required field.\",\"honeypotHoneypotError\":\"Honeypot Error\",\"fileUploadOldCodeFileUploadInProgress\":\"File Upload in Progress.\",\"fileUploadOldCodeFileUpload\":\"FILE UPLOAD\",\"currencySymbol\":\"\\u20ac\",\"fieldsMarkedRequired\":\"Fields marked with an <span class=\\\"ninja-forms-req-symbol\\\">*<\\\/span> are required\",\"thousands_sep\":\",\",\"decimal_point\":\".\",\"siteLocale\":\"en_US\",\"dateFormat\":\"d\\\/m\\\/Y\",\"startOfWeek\":\"1\",\"of\":\"of\",\"previousMonth\":\"Previous Month\",\"nextMonth\":\"Next Month\",\"months\":[\"January\",\"February\",\"March\",\"April\",\"May\",\"June\",\"July\",\"August\",\"September\",\"October\",\"November\",\"December\"],\"monthsShort\":[\"Jan\",\"Feb\",\"Mar\",\"Apr\",\"May\",\"Jun\",\"Jul\",\"Aug\",\"Sep\",\"Oct\",\"Nov\",\"Dec\"],\"weekdays\":[\"Sunday\",\"Monday\",\"Tuesday\",\"Wednesday\",\"Thursday\",\"Friday\",\"Saturday\"],\"weekdaysShort\":[\"Sun\",\"Mon\",\"Tue\",\"Wed\",\"Thu\",\"Fri\",\"Sat\"],\"weekdaysMin\":[\"Su\",\"Mo\",\"Tu\",\"We\",\"Th\",\"Fr\",\"Sa\"],\"recaptchaConsentMissing\":\"reCaptcha validation couldn&#039;t load.\",\"recaptchaMissingCookie\":\"reCaptcha v3 validation couldn&#039;t load the cookie needed to submit the form.\",\"recaptchaConsentEvent\":\"Accept reCaptcha cookies before sending the form.\",\"embed_form\":\"\",\"currency_symbol\":\"\",\"title\":\"\",\"beforeForm\":\"\",\"beforeFields\":\"\",\"afterFields\":\"\",\"afterForm\":\"\"};form.fields=[];nfForms.push(form);<\/script>\n        \n<hr \/>\n<p>&nbsp;<\/p>\n<p>[\/et_pb_text][\/et_pb_column][et_pb_column type=&#8221;1_4&#8243;][et_pb_sidebar admin_label=&#8221;Seitenleiste&#8221; orientation=&#8221;left&#8221; area=&#8221;sidebar-1&#8243; background_layout=&#8221;light&#8221; remove_border=&#8221;off&#8221;] [\/et_pb_sidebar][\/et_pb_column][\/et_pb_row][\/et_pb_section]<\/p>","protected":false},"excerpt":{"rendered":"<p>Membership in the Association You want to become an official &#8220;Pointer Friend&#8221;? Become a member of our Association &#8220;Pointer-Freunde \/ Pointer-Friends e.V.&#8221;. Through your membership, you help us by being a reliable partner in our daily work. We are able to calculate and work with the membership and associate member fees. It is very important [&hellip;]<\/p>\n","protected":false},"author":7,"featured_media":0,"parent":53,"menu_order":0,"comment_status":"closed","ping_status":"closed","template":"","meta":{"_et_pb_use_builder":"on","_et_pb_old_content":"<h1>\u00a0<\/h1><p>Sie m\u00f6chten ein offizieller \u201ePointer-Freund\u201c werden? Werden Sie Mitglied in unserem Verein \u201ePointer-Freunde e.V.\u201c. Durch Ihre Mitgliedschaft helfen Sie uns, eine verl\u00e4ssliche Gr\u00f6\u00dfe in unserer t\u00e4glichen Arbeit zu haben. Wir k\u00f6nnen mit den Mitglieds- und F\u00f6rderbeitr\u00e4gen kalkulieren und arbeiten. Es ist in unserer Arbeit ganz wichtig, dass wir nicht \u201ein den Tag herein leben und arbeiten m\u00fcssen\u201c und auf die n\u00e4chste Spende warten. Viele regelm\u00e4\u00dfige Ausgaben f\u00fcr Hunde, die unter unserem Schutz leben, sind unausweichlich und m\u00fcssen gesichert sein.<\/p><p>Werden Sie Teil einer wunderbaren Gemeinschaft von Menschen, die sich f\u00fcr die liebenswerte Rasse der Pointer einsetzen. Nur gemeinsam kann es uns gelingen, die bisher noch fast unbekannte Seite der Pointer bekannt zu machen und Pointern in Not zu helfen.<\/p><p>\u00a0<\/p><p>[contact-form-7 id=\"524\" title=\"Mitgliedsantrag\"]<\/p>","_et_gb_content_width":"","_exactmetrics_skip_tracking":false,"_exactmetrics_sitenote_active":false,"_exactmetrics_sitenote_note":"","_exactmetrics_sitenote_category":0,"ngg_post_thumbnail":0},"_links":{"self":[{"href":"https:\/\/pointer-freunde.com\/en\/wp-json\/wp\/v2\/pages\/515"}],"collection":[{"href":"https:\/\/pointer-freunde.com\/en\/wp-json\/wp\/v2\/pages"}],"about":[{"href":"https:\/\/pointer-freunde.com\/en\/wp-json\/wp\/v2\/types\/page"}],"author":[{"embeddable":true,"href":"https:\/\/pointer-freunde.com\/en\/wp-json\/wp\/v2\/users\/7"}],"replies":[{"embeddable":true,"href":"https:\/\/pointer-freunde.com\/en\/wp-json\/wp\/v2\/comments?post=515"}],"version-history":[{"count":12,"href":"https:\/\/pointer-freunde.com\/en\/wp-json\/wp\/v2\/pages\/515\/revisions"}],"predecessor-version":[{"id":4723,"href":"https:\/\/pointer-freunde.com\/en\/wp-json\/wp\/v2\/pages\/515\/revisions\/4723"}],"up":[{"embeddable":true,"href":"https:\/\/pointer-freunde.com\/en\/wp-json\/wp\/v2\/pages\/53"}],"wp:attachment":[{"href":"https:\/\/pointer-freunde.com\/en\/wp-json\/wp\/v2\/media?parent=515"}],"curies":[{"name":"wp","href":"https:\/\/api.w.org\/{rel}","templated":true}]}}