{"id":1538,"date":"2015-11-15T13:46:46","date_gmt":"2015-11-15T12:46:46","guid":{"rendered":"http:\/\/pointer-freunde.com\/?page_id=1538"},"modified":"2015-11-15T13:46:46","modified_gmt":"2015-11-15T12:46:46","slug":"dirofilariose-herzwurmerkrankung","status":"publish","type":"page","link":"https:\/\/pointer-freunde.com\/en\/die-vermittlung\/mittelmeerkrankheiten\/dirofilariose-herzwurmerkrankung\/","title":{"rendered":"Dirofilariose (Herzwurmerkrankung)"},"content":{"rendered":"<h3>Dirofilariose (Herzwurmerkrankung)<\/h3>\n<p>Bei der Dirofilariose des Hundes handelt es sich um eine durch den Herzwurm Dirofilaria immitis hervorgerufene parasit\u00e4re Erkrankung der Hunde. Ca. 60 verschiedene Stechm\u00fcckenarten \u00fcbertragen die Mikrofilarien. Daraus entwickeln sich im Endwirt Hund die adulten Herzw\u00fcrmer oder Makrofilarien. Diese Makrofilarien finden sich in gro\u00dfer Zahl im rechten Herzen, der gro\u00dfen Lungenarterie, der gro\u00dfen Hohlvene und gelegentlich in anderen Organen. Blutgef\u00e4\u00dfe und Arterien k\u00f6nnen dadurch verstopfen und es kommt zu Einschr\u00e4nkungen der Herzfunktion. Die Makrofilarien sind 1 mm dick und 20-30 cm lang.<\/p>\n<p>Die Dirofilariose ist vor allem in Nordamerika sowie den Mittelmeerl\u00e4ndern verbreitet, kommt aber zunehmend auch in Deutschland vor. Die h\u00f6chste Verbreitung ist allerdings in der Italienischen Poebene, auf Teneriffa und La Palma zu finden.<\/p>\n<p>Die Patienten erm\u00fcden schnell und zeigen Atemnot, Husten, Herzrasen, Herzerweiterung, Leberstauung, Bauchwassersucht, Wasser in den Beinen. Nur durch eine Blutuntersuchung in einem Labor kann Dirofilariose festgestellt werden.<br \/>\n<strong>Therapie<\/strong><\/p>\n<p>Je nach Stadium der Krankheit ist eine operative Entfernung der Herzw\u00fcrmer oder eine medikament\u00f6se Therapie mit verschiedenen Anthelmintika m\u00f6glich. Hierbei besteht allerdings immer die Gefahr der Verlegung gro\u00dfer Gef\u00e4\u00dfe durch abgestorbene W\u00fcrmer. Au\u00dferdem besteht die Gefahr einer durch abgestorbene Mikrofilarien verursachten allergischen Reaktion. In diesem Fall k\u00f6nnen zus\u00e4tzlich Antihistaminika eingesetzt werden. Bei Nichtbehandlung kann die Krankheit t\u00f6dlich verlaufen.<\/p>\n<p>Die Heilungschancen nach der Behandlung sind in der Regel sehr gut, da die Erkrankung ausgeheilt werden kann.<\/p>\n","protected":false},"excerpt":{"rendered":"<p>Dirofilariose (Herzwurmerkrankung) Bei der Dirofilariose des Hundes handelt es sich um eine durch den Herzwurm Dirofilaria immitis hervorgerufene parasit\u00e4re Erkrankung der Hunde. Ca. 60 verschiedene Stechm\u00fcckenarten \u00fcbertragen die Mikrofilarien. Daraus entwickeln sich im Endwirt Hund die adulten Herzw\u00fcrmer oder Makrofilarien. Diese Makrofilarien finden sich in gro\u00dfer Zahl im rechten Herzen, der gro\u00dfen Lungenarterie, der gro\u00dfen [&hellip;]<\/p>\n","protected":false},"author":7,"featured_media":0,"parent":989,"menu_order":0,"comment_status":"closed","ping_status":"closed","template":"","meta":{"_et_pb_use_builder":"","_et_pb_old_content":"","_et_gb_content_width":"","_exactmetrics_skip_tracking":false,"_exactmetrics_sitenote_active":false,"_exactmetrics_sitenote_note":"","_exactmetrics_sitenote_category":0,"ngg_post_thumbnail":0},"_links":{"self":[{"href":"https:\/\/pointer-freunde.com\/en\/wp-json\/wp\/v2\/pages\/1538"}],"collection":[{"href":"https:\/\/pointer-freunde.com\/en\/wp-json\/wp\/v2\/pages"}],"about":[{"href":"https:\/\/pointer-freunde.com\/en\/wp-json\/wp\/v2\/types\/page"}],"author":[{"embeddable":true,"href":"https:\/\/pointer-freunde.com\/en\/wp-json\/wp\/v2\/users\/7"}],"replies":[{"embeddable":true,"href":"https:\/\/pointer-freunde.com\/en\/wp-json\/wp\/v2\/comments?post=1538"}],"version-history":[{"count":1,"href":"https:\/\/pointer-freunde.com\/en\/wp-json\/wp\/v2\/pages\/1538\/revisions"}],"predecessor-version":[{"id":1539,"href":"https:\/\/pointer-freunde.com\/en\/wp-json\/wp\/v2\/pages\/1538\/revisions\/1539"}],"up":[{"embeddable":true,"href":"https:\/\/pointer-freunde.com\/en\/wp-json\/wp\/v2\/pages\/989"}],"wp:attachment":[{"href":"https:\/\/pointer-freunde.com\/en\/wp-json\/wp\/v2\/media?parent=1538"}],"curies":[{"name":"wp","href":"https:\/\/api.w.org\/{rel}","templated":true}]}}